{"id":16,"date":"2025-11-11T21:25:21","date_gmt":"2025-11-11T21:25:21","guid":{"rendered":"https:\/\/hathorisisdistributor.com\/mariaisabelmartinezspeaker\/?page_id=16"},"modified":"2026-03-16T14:29:27","modified_gmt":"2026-03-16T14:29:27","slug":"workshop","status":"publish","type":"page","link":"https:\/\/hathorisisdistributor.com\/mariaisabelmartinezspeaker\/workshop\/","title":{"rendered":"WORKSHOP"},"content":{"rendered":"\t\t<div data-elementor-type=\"wp-page\" data-elementor-id=\"16\" class=\"elementor elementor-16\" data-elementor-post-type=\"page\">\n\t\t\t\t<div class=\"elementor-element elementor-element-4ebc9a2 e-flex e-con-boxed e-con e-parent\" data-id=\"4ebc9a2\" data-element_type=\"container\" data-e-type=\"container\" data-settings=\"{&quot;background_background&quot;:&quot;classic&quot;}\">\n\t\t\t\t\t<div class=\"e-con-inner\">\n\t\t\t\t<div class=\"elementor-element elementor-element-5115323 elementor-widget elementor-widget-heading\" data-id=\"5115323\" data-element_type=\"widget\" data-e-type=\"widget\" data-widget_type=\"heading.default\">\n\t\t\t\t\t<h2 class=\"elementor-heading-title elementor-size-default\">Workshop<\/h2>\t\t\t\t<\/div>\n\t\t\t\t\t<\/div>\n\t\t\t\t<\/div>\n\t\t<div class=\"elementor-element elementor-element-332774f e-flex e-con-boxed e-con e-parent\" data-id=\"332774f\" data-element_type=\"container\" data-e-type=\"container\">\n\t\t\t\t\t<div class=\"e-con-inner\">\n\t\t\t\t<div class=\"elementor-element elementor-element-20846c1 elementor-widget elementor-widget-text-editor\" data-id=\"20846c1\" data-element_type=\"widget\" data-e-type=\"widget\" data-widget_type=\"text-editor.default\">\n\t\t\t\t\t\t\t\t\t<p class=\"ds-markdown-paragraph\"><strong>2023 &#8211; M\u00e9xico &#8211; Torneo Internacional Masoterapeuta Ciudad de M\u00e9xico, ExpoSpa\u00a0<\/strong><br \/>Participaci\u00f3n como Juez categor\u00eda est\u00e9tica, cosmetolog\u00eda y facial.<\/p><p class=\"ds-markdown-paragraph\"><strong>2024 &#8211; Ciudad de M\u00e9xico &#8211; 2do. Torneo Internacional Masoterapeuta\u00a0<\/strong><br \/>Participaci\u00f3n como Juez Principal.<\/p><p class=\"ds-markdown-paragraph\"><strong>2025 &#8211; M\u00e9xico &#8211; 3er. Torneo Internacional Masoterapeuta\u00a0<\/strong><br \/>Participaci\u00f3n como Juez Principal.<\/p><p class=\"ds-markdown-paragraph\"><strong>2025 &#8211; Asunci\u00f3n, Paraguay &#8211; Campeonato Suramericano de Masajes\u00a0<\/strong><br \/>Participaci\u00f3n como Juez Principal en el marco del Congreso Esthetic Glow.<\/p>\t\t\t\t\t\t\t\t<\/div>\n\t\t\t\t\t<\/div>\n\t\t\t\t<\/div>\n\t\t\t\t<\/div>\n\t\t","protected":false},"excerpt":{"rendered":"<p>Workshop 2023 &#8211; M\u00e9xico &#8211; Torneo Internacional Masoterapeuta Ciudad de M\u00e9xico, ExpoSpa\u00a0Participaci\u00f3n como Juez categor\u00eda est\u00e9tica, cosmetolog\u00eda y facial. 2024 &#8211; Ciudad de M\u00e9xico &#8211; 2do. Torneo Internacional Masoterapeuta\u00a0Participaci\u00f3n como Juez Principal. 2025 &#8211; M\u00e9xico &#8211; 3er. Torneo Internacional Masoterapeuta\u00a0Participaci\u00f3n como Juez Principal. 2025 &#8211; Asunci\u00f3n, Paraguay &#8211; Campeonato Suramericano de Masajes\u00a0Participaci\u00f3n como Juez Principal [&hellip;]<\/p>\n","protected":false},"author":2,"featured_media":0,"parent":0,"menu_order":0,"comment_status":"closed","ping_status":"closed","template":"elementor_header_footer","meta":{"nf_dc_page":"","om_disable_all_campaigns":false,"_monsterinsights_skip_tracking":false,"_monsterinsights_sitenote_active":false,"_monsterinsights_sitenote_note":"","_monsterinsights_sitenote_category":0,"footnotes":""},"class_list":["post-16","page","type-page","status-publish","hentry"],"yoast_head":"<!-- This site is optimized with the Yoast SEO plugin v27.4 - https:\/\/yoast.com\/product\/yoast-seo-wordpress\/ -->\n<title>WORKSHOP - Maria Isabel Martinez Speaker<\/title>\n<meta name=\"robots\" content=\"index, follow, max-snippet:-1, max-image-preview:large, max-video-preview:-1\" \/>\n<link rel=\"canonical\" href=\"https:\/\/hathorisisdistributor.com\/mariaisabelmartinezspeaker\/workshop\/\" \/>\n<meta property=\"og:locale\" content=\"en_US\" \/>\n<meta property=\"og:type\" content=\"article\" \/>\n<meta property=\"og:title\" content=\"WORKSHOP - Maria Isabel Martinez Speaker\" \/>\n<meta property=\"og:description\" content=\"Workshop 2023 &#8211; M\u00e9xico &#8211; Torneo Internacional Masoterapeuta Ciudad de M\u00e9xico, ExpoSpa\u00a0Participaci\u00f3n como Juez categor\u00eda est\u00e9tica, cosmetolog\u00eda y facial. 2024 &#8211; Ciudad de M\u00e9xico &#8211; 2do. Torneo Internacional Masoterapeuta\u00a0Participaci\u00f3n como Juez Principal. 2025 &#8211; M\u00e9xico &#8211; 3er. Torneo Internacional Masoterapeuta\u00a0Participaci\u00f3n como Juez Principal. 2025 &#8211; Asunci\u00f3n, Paraguay &#8211; Campeonato Suramericano de Masajes\u00a0Participaci\u00f3n como Juez Principal [&hellip;]\" \/>\n<meta property=\"og:url\" content=\"https:\/\/hathorisisdistributor.com\/mariaisabelmartinezspeaker\/workshop\/\" \/>\n<meta property=\"og:site_name\" content=\"Maria Isabel Martinez Speaker\" \/>\n<meta property=\"article:modified_time\" content=\"2026-03-16T14:29:27+00:00\" \/>\n<meta name=\"twitter:card\" content=\"summary_large_image\" \/>\n<meta name=\"twitter:label1\" content=\"Est. reading time\" \/>\n\t<meta name=\"twitter:data1\" content=\"1 minute\" \/>\n<script type=\"application\/ld+json\" class=\"yoast-schema-graph\">{\"@context\":\"https:\\\/\\\/schema.org\",\"@graph\":[{\"@type\":\"WebPage\",\"@id\":\"https:\\\/\\\/hathorisisdistributor.com\\\/mariaisabelmartinezspeaker\\\/workshop\\\/\",\"url\":\"https:\\\/\\\/hathorisisdistributor.com\\\/mariaisabelmartinezspeaker\\\/workshop\\\/\",\"name\":\"WORKSHOP - Maria Isabel Martinez Speaker\",\"isPartOf\":{\"@id\":\"https:\\\/\\\/hathorisisdistributor.com\\\/mariaisabelmartinezspeaker\\\/#website\"},\"datePublished\":\"2025-11-11T21:25:21+00:00\",\"dateModified\":\"2026-03-16T14:29:27+00:00\",\"breadcrumb\":{\"@id\":\"https:\\\/\\\/hathorisisdistributor.com\\\/mariaisabelmartinezspeaker\\\/workshop\\\/#breadcrumb\"},\"inLanguage\":\"en-US\",\"potentialAction\":[{\"@type\":\"ReadAction\",\"target\":[\"https:\\\/\\\/hathorisisdistributor.com\\\/mariaisabelmartinezspeaker\\\/workshop\\\/\"]}]},{\"@type\":\"BreadcrumbList\",\"@id\":\"https:\\\/\\\/hathorisisdistributor.com\\\/mariaisabelmartinezspeaker\\\/workshop\\\/#breadcrumb\",\"itemListElement\":[{\"@type\":\"ListItem\",\"position\":1,\"name\":\"Home\",\"item\":\"https:\\\/\\\/hathorisisdistributor.com\\\/mariaisabelmartinezspeaker\\\/\"},{\"@type\":\"ListItem\",\"position\":2,\"name\":\"WORKSHOP\"}]},{\"@type\":\"WebSite\",\"@id\":\"https:\\\/\\\/hathorisisdistributor.com\\\/mariaisabelmartinezspeaker\\\/#website\",\"url\":\"https:\\\/\\\/hathorisisdistributor.com\\\/mariaisabelmartinezspeaker\\\/\",\"name\":\"Maria Isabel Martinez Speaker\",\"description\":\"\",\"potentialAction\":[{\"@type\":\"SearchAction\",\"target\":{\"@type\":\"EntryPoint\",\"urlTemplate\":\"https:\\\/\\\/hathorisisdistributor.com\\\/mariaisabelmartinezspeaker\\\/?s={search_term_string}\"},\"query-input\":{\"@type\":\"PropertyValueSpecification\",\"valueRequired\":true,\"valueName\":\"search_term_string\"}}],\"inLanguage\":\"en-US\"}]}<\/script>\n<!-- \/ Yoast SEO plugin. -->","yoast_head_json":{"title":"WORKSHOP - Maria Isabel Martinez Speaker","robots":{"index":"index","follow":"follow","max-snippet":"max-snippet:-1","max-image-preview":"max-image-preview:large","max-video-preview":"max-video-preview:-1"},"canonical":"https:\/\/hathorisisdistributor.com\/mariaisabelmartinezspeaker\/workshop\/","og_locale":"en_US","og_type":"article","og_title":"WORKSHOP - Maria Isabel Martinez Speaker","og_description":"Workshop 2023 &#8211; M\u00e9xico &#8211; Torneo Internacional Masoterapeuta Ciudad de M\u00e9xico, ExpoSpa\u00a0Participaci\u00f3n como Juez categor\u00eda est\u00e9tica, cosmetolog\u00eda y facial. 2024 &#8211; Ciudad de M\u00e9xico &#8211; 2do. Torneo Internacional Masoterapeuta\u00a0Participaci\u00f3n como Juez Principal. 2025 &#8211; M\u00e9xico &#8211; 3er. Torneo Internacional Masoterapeuta\u00a0Participaci\u00f3n como Juez Principal. 2025 &#8211; Asunci\u00f3n, Paraguay &#8211; Campeonato Suramericano de Masajes\u00a0Participaci\u00f3n como Juez Principal [&hellip;]","og_url":"https:\/\/hathorisisdistributor.com\/mariaisabelmartinezspeaker\/workshop\/","og_site_name":"Maria Isabel Martinez Speaker","article_modified_time":"2026-03-16T14:29:27+00:00","twitter_card":"summary_large_image","twitter_misc":{"Est. reading time":"1 minute"},"schema":{"@context":"https:\/\/schema.org","@graph":[{"@type":"WebPage","@id":"https:\/\/hathorisisdistributor.com\/mariaisabelmartinezspeaker\/workshop\/","url":"https:\/\/hathorisisdistributor.com\/mariaisabelmartinezspeaker\/workshop\/","name":"WORKSHOP - Maria Isabel Martinez Speaker","isPartOf":{"@id":"https:\/\/hathorisisdistributor.com\/mariaisabelmartinezspeaker\/#website"},"datePublished":"2025-11-11T21:25:21+00:00","dateModified":"2026-03-16T14:29:27+00:00","breadcrumb":{"@id":"https:\/\/hathorisisdistributor.com\/mariaisabelmartinezspeaker\/workshop\/#breadcrumb"},"inLanguage":"en-US","potentialAction":[{"@type":"ReadAction","target":["https:\/\/hathorisisdistributor.com\/mariaisabelmartinezspeaker\/workshop\/"]}]},{"@type":"BreadcrumbList","@id":"https:\/\/hathorisisdistributor.com\/mariaisabelmartinezspeaker\/workshop\/#breadcrumb","itemListElement":[{"@type":"ListItem","position":1,"name":"Home","item":"https:\/\/hathorisisdistributor.com\/mariaisabelmartinezspeaker\/"},{"@type":"ListItem","position":2,"name":"WORKSHOP"}]},{"@type":"WebSite","@id":"https:\/\/hathorisisdistributor.com\/mariaisabelmartinezspeaker\/#website","url":"https:\/\/hathorisisdistributor.com\/mariaisabelmartinezspeaker\/","name":"Maria Isabel Martinez Speaker","description":"","potentialAction":[{"@type":"SearchAction","target":{"@type":"EntryPoint","urlTemplate":"https:\/\/hathorisisdistributor.com\/mariaisabelmartinezspeaker\/?s={search_term_string}"},"query-input":{"@type":"PropertyValueSpecification","valueRequired":true,"valueName":"search_term_string"}}],"inLanguage":"en-US"}]}},"jetpack_sharing_enabled":true,"_links":{"self":[{"href":"https:\/\/hathorisisdistributor.com\/mariaisabelmartinezspeaker\/wp-json\/wp\/v2\/pages\/16","targetHints":{"allow":["GET"]}}],"collection":[{"href":"https:\/\/hathorisisdistributor.com\/mariaisabelmartinezspeaker\/wp-json\/wp\/v2\/pages"}],"about":[{"href":"https:\/\/hathorisisdistributor.com\/mariaisabelmartinezspeaker\/wp-json\/wp\/v2\/types\/page"}],"author":[{"embeddable":true,"href":"https:\/\/hathorisisdistributor.com\/mariaisabelmartinezspeaker\/wp-json\/wp\/v2\/users\/2"}],"replies":[{"embeddable":true,"href":"https:\/\/hathorisisdistributor.com\/mariaisabelmartinezspeaker\/wp-json\/wp\/v2\/comments?post=16"}],"version-history":[{"count":8,"href":"https:\/\/hathorisisdistributor.com\/mariaisabelmartinezspeaker\/wp-json\/wp\/v2\/pages\/16\/revisions"}],"predecessor-version":[{"id":244,"href":"https:\/\/hathorisisdistributor.com\/mariaisabelmartinezspeaker\/wp-json\/wp\/v2\/pages\/16\/revisions\/244"}],"wp:attachment":[{"href":"https:\/\/hathorisisdistributor.com\/mariaisabelmartinezspeaker\/wp-json\/wp\/v2\/media?parent=16"}],"curies":[{"name":"wp","href":"https:\/\/api.w.org\/{rel}","templated":true}]}}