{"id":12,"date":"2025-11-11T21:24:42","date_gmt":"2025-11-11T21:24:42","guid":{"rendered":"https:\/\/hathorisisdistributor.com\/mariaisabelmartinezspeaker\/?page_id=12"},"modified":"2026-03-16T14:39:13","modified_gmt":"2026-03-16T14:39:13","slug":"educacion","status":"publish","type":"page","link":"https:\/\/hathorisisdistributor.com\/mariaisabelmartinezspeaker\/educacion\/","title":{"rendered":"Educaci\u00f3n"},"content":{"rendered":"\t\t<div data-elementor-type=\"wp-page\" data-elementor-id=\"12\" class=\"elementor elementor-12\" data-elementor-post-type=\"page\">\n\t\t\t\t<div class=\"elementor-element elementor-element-30ae2f2 e-flex e-con-boxed e-con e-parent\" data-id=\"30ae2f2\" data-element_type=\"container\" data-e-type=\"container\" data-settings=\"{&quot;background_background&quot;:&quot;classic&quot;}\">\n\t\t\t\t\t<div class=\"e-con-inner\">\n\t\t\t\t<div class=\"elementor-element elementor-element-cc41947 elementor-widget elementor-widget-heading\" data-id=\"cc41947\" data-element_type=\"widget\" data-e-type=\"widget\" data-widget_type=\"heading.default\">\n\t\t\t\t\t<h2 class=\"elementor-heading-title elementor-size-default\">Educaci\u00f3n<\/h2>\t\t\t\t<\/div>\n\t\t\t\t\t<\/div>\n\t\t\t\t<\/div>\n\t\t<div class=\"elementor-element elementor-element-7a84497 e-flex e-con-boxed e-con e-parent\" data-id=\"7a84497\" data-element_type=\"container\" data-e-type=\"container\">\n\t\t\t\t\t<div class=\"e-con-inner\">\n\t\t\t\t<div class=\"elementor-element elementor-element-e714dab elementor-widget elementor-widget-text-editor\" data-id=\"e714dab\" data-element_type=\"widget\" data-e-type=\"widget\" data-widget_type=\"text-editor.default\">\n\t\t\t\t\t\t\t\t\t<p class=\"ds-markdown-paragraph\"><strong>EDUCACION EN CONGRESOS<br \/><br \/>2023 &#8211; Houston &#8211; BEC Experience, 9no. Encuentro Latinoamericano de Est\u00e9tica\u00a0<\/strong><br \/>La Educaci\u00f3n que nos Une.<br \/>Charla educativa: Morfolog\u00eda del tejido adiposo incidencia y resoluci\u00f3n en la cabina est\u00e9tica.<\/p><p class=\"ds-markdown-paragraph\"><strong>2024 &#8211; M\u00e9xico &#8211; Certificaci\u00f3n Terap\u00e9utico al holismo Internacional\u00a0<\/strong><br \/>Invitada Internacional como Docente de la Certificaci\u00f3n 20\/ horas.<\/p><p class=\"ds-markdown-paragraph\"><strong>2024 &#8211; Santiago Tezontlale Hidalgo, M\u00e9xico &#8211; Retiro de Masoterapeutas Elite\u00a0<\/strong><br \/>Invitada como Docente Internacional: Watsu terapia para el alma, Terapias Manuales, Manejo de<br \/>accesorios vibratorios en las t\u00e9cnicas.<\/p><p class=\"ds-markdown-paragraph\"><strong>2025 &#8211; Barcelona, Espa\u00f1a &#8211; Post Congreso Figuras Red para el Mundo\u00a0<\/strong><br \/>Capacitaci\u00f3n te\u00f3rica-practica Maestr\u00eda Corporal Marcaci\u00f3n abdominal masculina y femenina.<\/p><p class=\"ds-markdown-paragraph\"><strong>2025 &#8211; Barcelona, Espa\u00f1a &#8211; Post Congreso Figuras Red para el Mundo\u00a0<\/strong><br \/>Capacitaci\u00f3n taller te\u00f3rico- pr\u00e1ctico\u201d Neuroest\u00e9tica y Metaloterapia: la influencia de los puntos motores en la belleza\u201d.<\/p><p class=\"ds-markdown-paragraph\"><strong>2025 &#8211; Paris, Francia &#8211; 54 CONGRESS INTERNATIONAL ESTHETIQUE &amp; SPA\u00a0<\/strong><br \/>Capacitaci\u00f3n Te\u00f3rico-Practica T\u00e9cnicas Revolucionarias Post Quir\u00fargicas.<\/p><p class=\"ds-markdown-paragraph\"><strong>EDUCACION EN MUESTRA COMERCIAL<\/strong><\/p><p class=\"ds-markdown-paragraph\"><strong>2024 &#8211; Medell\u00edn, Colombia &#8211; GBQ Expo Belleza\u00a0<\/strong><br \/>Participaci\u00f3n en muestra comercial en alianza con GBQ Expo Belleza.<\/p><p class=\"ds-markdown-paragraph\"><strong>2024 &#8211; Santa Marta, Colombia &#8211; XXII Expo Congreso Spa\u00a0\u00a0<\/strong><br \/>Participaci\u00f3n en muestra comercial de Figuras Red en Alianza con Dislaverde.<\/p><p class=\"ds-markdown-paragraph\"><strong>2024 &#8211; Bogot\u00e1, Colombia &#8211; FERIA DE SALUD Y BELLEZA\u00a0<\/strong><br \/>Participaci\u00f3n en muestra comercial de Figuras Red en Alianza con Tienda de la Est\u00e9tica.<\/p><p class=\"ds-markdown-paragraph\"><strong>2025 &#8211; Westin Buckhead-Atlanta &#8211; THE SKIN GAMES\u00a0<\/strong><br \/>Participaci\u00f3n en muestra comercial de Figuras Red.<\/p><p class=\"ds-markdown-paragraph\"><strong>2025 &#8211; Medell\u00edn, Colombia &#8211; GBQ Expo Belleza\u00a0<\/strong><br \/>Participaci\u00f3n en muestra comercial.<\/p>\t\t\t\t\t\t\t\t<\/div>\n\t\t\t\t\t<\/div>\n\t\t\t\t<\/div>\n\t\t\t\t<\/div>\n\t\t","protected":false},"excerpt":{"rendered":"<p>Educaci\u00f3n EDUCACION EN CONGRESOS 2023 &#8211; Houston &#8211; BEC Experience, 9no. Encuentro Latinoamericano de Est\u00e9tica\u00a0La Educaci\u00f3n que nos Une.Charla educativa: Morfolog\u00eda del tejido adiposo incidencia y resoluci\u00f3n en la cabina est\u00e9tica. 2024 &#8211; M\u00e9xico &#8211; Certificaci\u00f3n Terap\u00e9utico al holismo Internacional\u00a0Invitada Internacional como Docente de la Certificaci\u00f3n 20\/ horas. 2024 &#8211; Santiago Tezontlale Hidalgo, M\u00e9xico &#8211; [&hellip;]<\/p>\n","protected":false},"author":2,"featured_media":0,"parent":0,"menu_order":0,"comment_status":"closed","ping_status":"closed","template":"elementor_header_footer","meta":{"nf_dc_page":"","om_disable_all_campaigns":false,"_monsterinsights_skip_tracking":false,"_monsterinsights_sitenote_active":false,"_monsterinsights_sitenote_note":"","_monsterinsights_sitenote_category":0,"footnotes":""},"class_list":["post-12","page","type-page","status-publish","hentry"],"yoast_head":"<!-- This site is optimized with the Yoast SEO plugin v27.4 - https:\/\/yoast.com\/product\/yoast-seo-wordpress\/ -->\n<title>Educaci\u00f3n - Maria Isabel Martinez Speaker<\/title>\n<meta name=\"robots\" content=\"index, follow, max-snippet:-1, max-image-preview:large, max-video-preview:-1\" \/>\n<link rel=\"canonical\" href=\"https:\/\/hathorisisdistributor.com\/mariaisabelmartinezspeaker\/educacion\/\" \/>\n<meta property=\"og:locale\" content=\"en_US\" \/>\n<meta property=\"og:type\" content=\"article\" \/>\n<meta property=\"og:title\" content=\"Educaci\u00f3n - Maria Isabel Martinez Speaker\" \/>\n<meta property=\"og:description\" content=\"Educaci\u00f3n EDUCACION EN CONGRESOS 2023 &#8211; Houston &#8211; BEC Experience, 9no. Encuentro Latinoamericano de Est\u00e9tica\u00a0La Educaci\u00f3n que nos Une.Charla educativa: Morfolog\u00eda del tejido adiposo incidencia y resoluci\u00f3n en la cabina est\u00e9tica. 2024 &#8211; M\u00e9xico &#8211; Certificaci\u00f3n Terap\u00e9utico al holismo Internacional\u00a0Invitada Internacional como Docente de la Certificaci\u00f3n 20\/ horas. 2024 &#8211; Santiago Tezontlale Hidalgo, M\u00e9xico &#8211; [&hellip;]\" \/>\n<meta property=\"og:url\" content=\"https:\/\/hathorisisdistributor.com\/mariaisabelmartinezspeaker\/educacion\/\" \/>\n<meta property=\"og:site_name\" content=\"Maria Isabel Martinez Speaker\" \/>\n<meta property=\"article:modified_time\" content=\"2026-03-16T14:39:13+00:00\" \/>\n<meta name=\"twitter:card\" content=\"summary_large_image\" \/>\n<meta name=\"twitter:label1\" content=\"Est. reading time\" \/>\n\t<meta name=\"twitter:data1\" content=\"1 minute\" \/>\n<script type=\"application\/ld+json\" class=\"yoast-schema-graph\">{\"@context\":\"https:\\\/\\\/schema.org\",\"@graph\":[{\"@type\":\"WebPage\",\"@id\":\"https:\\\/\\\/hathorisisdistributor.com\\\/mariaisabelmartinezspeaker\\\/educacion\\\/\",\"url\":\"https:\\\/\\\/hathorisisdistributor.com\\\/mariaisabelmartinezspeaker\\\/educacion\\\/\",\"name\":\"Educaci\u00f3n - Maria Isabel Martinez Speaker\",\"isPartOf\":{\"@id\":\"https:\\\/\\\/hathorisisdistributor.com\\\/mariaisabelmartinezspeaker\\\/#website\"},\"datePublished\":\"2025-11-11T21:24:42+00:00\",\"dateModified\":\"2026-03-16T14:39:13+00:00\",\"breadcrumb\":{\"@id\":\"https:\\\/\\\/hathorisisdistributor.com\\\/mariaisabelmartinezspeaker\\\/educacion\\\/#breadcrumb\"},\"inLanguage\":\"en-US\",\"potentialAction\":[{\"@type\":\"ReadAction\",\"target\":[\"https:\\\/\\\/hathorisisdistributor.com\\\/mariaisabelmartinezspeaker\\\/educacion\\\/\"]}]},{\"@type\":\"BreadcrumbList\",\"@id\":\"https:\\\/\\\/hathorisisdistributor.com\\\/mariaisabelmartinezspeaker\\\/educacion\\\/#breadcrumb\",\"itemListElement\":[{\"@type\":\"ListItem\",\"position\":1,\"name\":\"Home\",\"item\":\"https:\\\/\\\/hathorisisdistributor.com\\\/mariaisabelmartinezspeaker\\\/\"},{\"@type\":\"ListItem\",\"position\":2,\"name\":\"Educaci\u00f3n\"}]},{\"@type\":\"WebSite\",\"@id\":\"https:\\\/\\\/hathorisisdistributor.com\\\/mariaisabelmartinezspeaker\\\/#website\",\"url\":\"https:\\\/\\\/hathorisisdistributor.com\\\/mariaisabelmartinezspeaker\\\/\",\"name\":\"Maria Isabel Martinez Speaker\",\"description\":\"\",\"potentialAction\":[{\"@type\":\"SearchAction\",\"target\":{\"@type\":\"EntryPoint\",\"urlTemplate\":\"https:\\\/\\\/hathorisisdistributor.com\\\/mariaisabelmartinezspeaker\\\/?s={search_term_string}\"},\"query-input\":{\"@type\":\"PropertyValueSpecification\",\"valueRequired\":true,\"valueName\":\"search_term_string\"}}],\"inLanguage\":\"en-US\"}]}<\/script>\n<!-- \/ Yoast SEO plugin. -->","yoast_head_json":{"title":"Educaci\u00f3n - Maria Isabel Martinez Speaker","robots":{"index":"index","follow":"follow","max-snippet":"max-snippet:-1","max-image-preview":"max-image-preview:large","max-video-preview":"max-video-preview:-1"},"canonical":"https:\/\/hathorisisdistributor.com\/mariaisabelmartinezspeaker\/educacion\/","og_locale":"en_US","og_type":"article","og_title":"Educaci\u00f3n - Maria Isabel Martinez Speaker","og_description":"Educaci\u00f3n EDUCACION EN CONGRESOS 2023 &#8211; Houston &#8211; BEC Experience, 9no. Encuentro Latinoamericano de Est\u00e9tica\u00a0La Educaci\u00f3n que nos Une.Charla educativa: Morfolog\u00eda del tejido adiposo incidencia y resoluci\u00f3n en la cabina est\u00e9tica. 2024 &#8211; M\u00e9xico &#8211; Certificaci\u00f3n Terap\u00e9utico al holismo Internacional\u00a0Invitada Internacional como Docente de la Certificaci\u00f3n 20\/ horas. 2024 &#8211; Santiago Tezontlale Hidalgo, M\u00e9xico &#8211; [&hellip;]","og_url":"https:\/\/hathorisisdistributor.com\/mariaisabelmartinezspeaker\/educacion\/","og_site_name":"Maria Isabel Martinez Speaker","article_modified_time":"2026-03-16T14:39:13+00:00","twitter_card":"summary_large_image","twitter_misc":{"Est. reading time":"1 minute"},"schema":{"@context":"https:\/\/schema.org","@graph":[{"@type":"WebPage","@id":"https:\/\/hathorisisdistributor.com\/mariaisabelmartinezspeaker\/educacion\/","url":"https:\/\/hathorisisdistributor.com\/mariaisabelmartinezspeaker\/educacion\/","name":"Educaci\u00f3n - Maria Isabel Martinez Speaker","isPartOf":{"@id":"https:\/\/hathorisisdistributor.com\/mariaisabelmartinezspeaker\/#website"},"datePublished":"2025-11-11T21:24:42+00:00","dateModified":"2026-03-16T14:39:13+00:00","breadcrumb":{"@id":"https:\/\/hathorisisdistributor.com\/mariaisabelmartinezspeaker\/educacion\/#breadcrumb"},"inLanguage":"en-US","potentialAction":[{"@type":"ReadAction","target":["https:\/\/hathorisisdistributor.com\/mariaisabelmartinezspeaker\/educacion\/"]}]},{"@type":"BreadcrumbList","@id":"https:\/\/hathorisisdistributor.com\/mariaisabelmartinezspeaker\/educacion\/#breadcrumb","itemListElement":[{"@type":"ListItem","position":1,"name":"Home","item":"https:\/\/hathorisisdistributor.com\/mariaisabelmartinezspeaker\/"},{"@type":"ListItem","position":2,"name":"Educaci\u00f3n"}]},{"@type":"WebSite","@id":"https:\/\/hathorisisdistributor.com\/mariaisabelmartinezspeaker\/#website","url":"https:\/\/hathorisisdistributor.com\/mariaisabelmartinezspeaker\/","name":"Maria Isabel Martinez Speaker","description":"","potentialAction":[{"@type":"SearchAction","target":{"@type":"EntryPoint","urlTemplate":"https:\/\/hathorisisdistributor.com\/mariaisabelmartinezspeaker\/?s={search_term_string}"},"query-input":{"@type":"PropertyValueSpecification","valueRequired":true,"valueName":"search_term_string"}}],"inLanguage":"en-US"}]}},"jetpack_sharing_enabled":true,"_links":{"self":[{"href":"https:\/\/hathorisisdistributor.com\/mariaisabelmartinezspeaker\/wp-json\/wp\/v2\/pages\/12","targetHints":{"allow":["GET"]}}],"collection":[{"href":"https:\/\/hathorisisdistributor.com\/mariaisabelmartinezspeaker\/wp-json\/wp\/v2\/pages"}],"about":[{"href":"https:\/\/hathorisisdistributor.com\/mariaisabelmartinezspeaker\/wp-json\/wp\/v2\/types\/page"}],"author":[{"embeddable":true,"href":"https:\/\/hathorisisdistributor.com\/mariaisabelmartinezspeaker\/wp-json\/wp\/v2\/users\/2"}],"replies":[{"embeddable":true,"href":"https:\/\/hathorisisdistributor.com\/mariaisabelmartinezspeaker\/wp-json\/wp\/v2\/comments?post=12"}],"version-history":[{"count":8,"href":"https:\/\/hathorisisdistributor.com\/mariaisabelmartinezspeaker\/wp-json\/wp\/v2\/pages\/12\/revisions"}],"predecessor-version":[{"id":248,"href":"https:\/\/hathorisisdistributor.com\/mariaisabelmartinezspeaker\/wp-json\/wp\/v2\/pages\/12\/revisions\/248"}],"wp:attachment":[{"href":"https:\/\/hathorisisdistributor.com\/mariaisabelmartinezspeaker\/wp-json\/wp\/v2\/media?parent=12"}],"curies":[{"name":"wp","href":"https:\/\/api.w.org\/{rel}","templated":true}]}}