{"id":10,"date":"2025-11-11T21:24:21","date_gmt":"2025-11-11T21:24:21","guid":{"rendered":"https:\/\/hathorisisdistributor.com\/mariaisabelmartinezspeaker\/?page_id=10"},"modified":"2026-03-16T14:03:04","modified_gmt":"2026-03-16T14:03:04","slug":"inicio","status":"publish","type":"page","link":"https:\/\/hathorisisdistributor.com\/mariaisabelmartinezspeaker\/","title":{"rendered":"Inicio"},"content":{"rendered":"\t\t<div data-elementor-type=\"wp-page\" data-elementor-id=\"10\" class=\"elementor elementor-10\" data-elementor-post-type=\"page\">\n\t\t\t\t<div class=\"elementor-element elementor-element-fe74f27 e-flex e-con-boxed e-con e-parent\" data-id=\"fe74f27\" data-element_type=\"container\" data-e-type=\"container\" data-settings=\"{&quot;background_background&quot;:&quot;classic&quot;}\">\n\t\t\t\t\t<div class=\"e-con-inner\">\n\t\t<div class=\"elementor-element elementor-element-7d6228a e-con-full e-flex e-con e-child\" data-id=\"7d6228a\" data-element_type=\"container\" data-e-type=\"container\">\n\t\t\t\t<div class=\"elementor-element elementor-element-70602aa elementor-widget elementor-widget-image\" data-id=\"70602aa\" data-element_type=\"widget\" data-e-type=\"widget\" data-widget_type=\"image.default\">\n\t\t\t\t\t\t\t\t\t\t\t\t\t\t\t<img loading=\"lazy\" decoding=\"async\" loading=\"lazy\" width=\"682\" height=\"1024\" src=\"https:\/\/i0.wp.com\/hathorisisdistributor.com\/mariaisabelmartinezspeaker\/wp-content\/uploads\/2025\/11\/Maria-Isabel-sfondo.png?fit=682%2C1024&amp;ssl=1\" class=\"attachment-large size-large wp-image-30\" alt=\"\" srcset=\"https:\/\/i0.wp.com\/hathorisisdistributor.com\/mariaisabelmartinezspeaker\/wp-content\/uploads\/2025\/11\/Maria-Isabel-sfondo.png?w=719&amp;ssl=1 719w, https:\/\/i0.wp.com\/hathorisisdistributor.com\/mariaisabelmartinezspeaker\/wp-content\/uploads\/2025\/11\/Maria-Isabel-sfondo.png?resize=200%2C300&amp;ssl=1 200w, https:\/\/i0.wp.com\/hathorisisdistributor.com\/mariaisabelmartinezspeaker\/wp-content\/uploads\/2025\/11\/Maria-Isabel-sfondo.png?resize=682%2C1024&amp;ssl=1 682w\" sizes=\"auto, (max-width: 682px) 100vw, 682px\" \/>\t\t\t\t\t\t\t\t\t\t\t\t\t\t\t<\/div>\n\t\t\t\t<\/div>\n\t\t<div class=\"elementor-element elementor-element-36954b2 e-con-full e-flex e-con e-child\" data-id=\"36954b2\" data-element_type=\"container\" data-e-type=\"container\">\n\t\t\t\t<div class=\"elementor-element elementor-element-9c50616 elementor-widget elementor-widget-heading\" data-id=\"9c50616\" data-element_type=\"widget\" data-e-type=\"widget\" data-widget_type=\"heading.default\">\n\t\t\t\t\t<h2 class=\"elementor-heading-title elementor-size-default\">Lic. Mar\u00eda Isabel Mart\u00ednez<\/h2>\t\t\t\t<\/div>\n\t\t\t\t<div class=\"elementor-element elementor-element-65ffeba elementor-widget elementor-widget-heading\" data-id=\"65ffeba\" data-element_type=\"widget\" data-e-type=\"widget\" data-widget_type=\"heading.default\">\n\t\t\t\t\t<h2 class=\"elementor-heading-title elementor-size-default\">Fisioterapeuta, Biocosmet\u00f3loga, Speaker Internacional<\/h2>\t\t\t\t<\/div>\n\t\t\t\t<div class=\"elementor-element elementor-element-9d5c9f5 elementor-widget elementor-widget-button\" data-id=\"9d5c9f5\" data-element_type=\"widget\" data-e-type=\"widget\" data-widget_type=\"button.default\">\n\t\t\t\t\t\t\t\t\t\t<a class=\"elementor-button elementor-button-link elementor-size-sm elementor-animation-pop\" href=\"https:\/\/wa.me\/19392244106\" target=\"_blank\">\n\t\t\t\t\t\t<span class=\"elementor-button-content-wrapper\">\n\t\t\t\t\t\t\t\t\t<span class=\"elementor-button-text\">Cont\u00e1ctame<\/span>\n\t\t\t\t\t<\/span>\n\t\t\t\t\t<\/a>\n\t\t\t\t\t\t\t\t<\/div>\n\t\t\t\t<\/div>\n\t\t\t\t\t<\/div>\n\t\t\t\t<\/div>\n\t\t<div class=\"elementor-element elementor-element-d20c6f5 e-con-full e-flex e-con e-parent\" data-id=\"d20c6f5\" data-element_type=\"container\" data-e-type=\"container\">\n\t\t<div class=\"elementor-element elementor-element-11c2317 e-con-full e-flex e-con e-child\" data-id=\"11c2317\" data-element_type=\"container\" data-e-type=\"container\" data-settings=\"{&quot;background_background&quot;:&quot;classic&quot;}\">\n\t\t\t\t<\/div>\n\t\t<div class=\"elementor-element elementor-element-cef1037 e-con-full e-flex e-con e-child\" data-id=\"cef1037\" data-element_type=\"container\" data-e-type=\"container\" data-settings=\"{&quot;background_background&quot;:&quot;classic&quot;}\">\n\t\t\t\t<div class=\"elementor-element elementor-element-7fa0f77 elementor-widget elementor-widget-heading\" data-id=\"7fa0f77\" data-element_type=\"widget\" data-e-type=\"widget\" data-widget_type=\"heading.default\">\n\t\t\t\t\t<h2 class=\"elementor-heading-title elementor-size-default\">Formaci\u00f3n Acad\u00e9mica<\/h2>\t\t\t\t<\/div>\n\t\t\t\t<div class=\"elementor-element elementor-element-d3b0962 elementor-widget elementor-widget-text-editor\" data-id=\"d3b0962\" data-element_type=\"widget\" data-e-type=\"widget\" data-widget_type=\"text-editor.default\">\n\t\t\t\t\t\t\t\t\t<ul><li><div><div id=\"m_2446350323780388934\"><div>Est\u00e9tica y Biocosmetologa<\/div><\/div><\/div><p>Escuela de Biocosmetologia Alejandro P\u00e9rez Parra Bogot\u00e1, julio del 2010<\/p><\/li><li>Enfermera :Enfermer\u00eda Cl\u00ednica San Rafael Bogot\u00e1 diciembre 1992.<\/li><li>Formaci\u00f3n Universitaria: Fisioterapeuta Instituci\u00f3n Universitaria Fundaci\u00f3n Escuela Colombiana de Rehabilitaci\u00f3n Bogot\u00e1 Julio 2002.<\/li><li>Diplomado en Pedagog\u00eda<br \/>Corporaci\u00f3n Universitaria Minuto de Dios.<\/li><li>Curso de SHIATSU: Masaje Japon\u00e9s<br \/>Escuela NAI TEI.<\/li><li>DIPLOMADO TERAPIAS HOLISTICAS<br \/>Fundaci\u00f3n Internacional de Est\u00e9tica y Bioenerg\u00e9tica.<\/li><li>\u00a0REIKI NIVELES I,II,III<div><div><div><p>CREANDO BIENESTAR Del Sistema Usui de Sanaci\u00f3n Natural.<\/p><\/div><\/div><\/div><\/li><\/ul>\t\t\t\t\t\t\t\t<\/div>\n\t\t\t\t<\/div>\n\t\t\t\t<\/div>\n\t\t<div class=\"elementor-element elementor-element-e575bea e-flex e-con-boxed e-con e-parent\" data-id=\"e575bea\" data-element_type=\"container\" data-e-type=\"container\">\n\t\t\t\t\t<div class=\"e-con-inner\">\n\t\t\t\t<div class=\"elementor-element elementor-element-f2227c2 elementor-widget elementor-widget-heading\" data-id=\"f2227c2\" data-element_type=\"widget\" data-e-type=\"widget\" data-widget_type=\"heading.default\">\n\t\t\t\t\t<h2 class=\"elementor-heading-title elementor-size-default\">Mi trayectoria<\/h2>\t\t\t\t<\/div>\n\t\t\t\t<div class=\"elementor-element elementor-element-ab832bd elementor-widget elementor-widget-heading\" data-id=\"ab832bd\" data-element_type=\"widget\" data-e-type=\"widget\" data-widget_type=\"heading.default\">\n\t\t\t\t\t<h2 class=\"elementor-heading-title elementor-size-default\">Estudios<\/h2>\t\t\t\t<\/div>\n\t\t\t\t<div class=\"elementor-element elementor-element-92d3eb5 elementor-widget elementor-widget-text-editor\" data-id=\"92d3eb5\" data-element_type=\"widget\" data-e-type=\"widget\" data-widget_type=\"text-editor.default\">\n\t\t\t\t\t\t\t\t\t<p>\u2022 1992 Graduada de Auxiliar de Enfermeria<br \/>\u2022 2002 Graduada de Fisioterapeuta<br \/>\u2022 2009 Diplomado en pedagog\u00eda universitaria<br \/>\u2022 2010 Graduada de Estetica y Biocosmetologa<br \/>\u2022 2016 Diplomado de terapias Hol\u00edsticas<br \/>\u2022 2016 Diplomado de niveles de Reiki<\/p>\t\t\t\t\t\t\t\t<\/div>\n\t\t\t\t<div class=\"elementor-element elementor-element-da1920e elementor-widget elementor-widget-heading\" data-id=\"da1920e\" data-element_type=\"widget\" data-e-type=\"widget\" data-widget_type=\"heading.default\">\n\t\t\t\t\t<h2 class=\"elementor-heading-title elementor-size-default\">Experiencias<\/h2>\t\t\t\t<\/div>\n\t\t\t\t<div class=\"elementor-element elementor-element-4737bdd elementor-widget elementor-widget-text-editor\" data-id=\"4737bdd\" data-element_type=\"widget\" data-e-type=\"widget\" data-widget_type=\"text-editor.default\">\n\t\t\t\t\t\t\t\t\t<p>\u2022 2005-2026 Docente de morfologia (Colombia)<br \/>\u2022 2010-2015 Speaker Tienda de la Estetica (Colombia)<br \/>\u2022 2015-2016 Speaker de Mundo Stetic Distribuitor (Colombia)<br \/>\u2022 2017-2025 Speaker de Figuras Red. (Colombia)<br \/>\u2022 2018-2025 Coordinadora acad\u00e9mica del Programa de Estetica de Cencadent<br \/>(Colombia)<br \/>\u2022 2018-2025 Docente de enfermer\u00eda auxiliar Cencadent (Colombia)<br \/>\u2022 2015-2025 Speacker International (Ecuador, Venezuela, Mexico, Paraguay,<br \/>Rep\u00fablica Dominicana, Espa\u00f1a, Francia)<br \/>\u2022 2022 Ganadora del segundo lugar del Campeonato de masoterapia en<br \/>Medellin, Colombia<br \/>\u2022 2023-2025 Jueza de Campeonatos de masoterapia (Mexico y Paraguay)<\/p>\t\t\t\t\t\t\t\t<\/div>\n\t\t\t\t<div class=\"elementor-element elementor-element-330c997 elementor-widget elementor-widget-spacer\" data-id=\"330c997\" data-element_type=\"widget\" data-e-type=\"widget\" data-widget_type=\"spacer.default\">\n\t\t\t\t\t\t\t<div class=\"elementor-spacer\">\n\t\t\t<div class=\"elementor-spacer-inner\"><\/div>\n\t\t<\/div>\n\t\t\t\t\t\t<\/div>\n\t\t\t\t\t<\/div>\n\t\t\t\t<\/div>\n\t\t\t\t<\/div>\n\t\t","protected":false},"excerpt":{"rendered":"<p>Lic. Mar\u00eda Isabel Mart\u00ednez Fisioterapeuta, Biocosmet\u00f3loga, Speaker Internacional Cont\u00e1ctame Formaci\u00f3n Acad\u00e9mica Est\u00e9tica y Biocosmetologa Escuela de Biocosmetologia Alejandro P\u00e9rez Parra Bogot\u00e1, julio del 2010 Enfermera :Enfermer\u00eda Cl\u00ednica San Rafael Bogot\u00e1 diciembre 1992. Formaci\u00f3n Universitaria: Fisioterapeuta Instituci\u00f3n Universitaria Fundaci\u00f3n Escuela Colombiana de Rehabilitaci\u00f3n Bogot\u00e1 Julio 2002. Diplomado en Pedagog\u00edaCorporaci\u00f3n Universitaria Minuto de Dios. Curso de SHIATSU: [&hellip;]<\/p>\n","protected":false},"author":2,"featured_media":0,"parent":0,"menu_order":0,"comment_status":"closed","ping_status":"closed","template":"elementor_header_footer","meta":{"nf_dc_page":"","om_disable_all_campaigns":false,"_monsterinsights_skip_tracking":false,"_monsterinsights_sitenote_active":false,"_monsterinsights_sitenote_note":"","_monsterinsights_sitenote_category":0,"footnotes":""},"class_list":["post-10","page","type-page","status-publish","hentry"],"yoast_head":"<!-- This site is optimized with the Yoast SEO plugin v27.4 - https:\/\/yoast.com\/product\/yoast-seo-wordpress\/ -->\n<title>Inicio - Maria Isabel Martinez Speaker<\/title>\n<meta name=\"robots\" content=\"index, follow, max-snippet:-1, max-image-preview:large, max-video-preview:-1\" \/>\n<link rel=\"canonical\" href=\"https:\/\/hathorisisdistributor.com\/mariaisabelmartinezspeaker\/\" \/>\n<meta property=\"og:locale\" content=\"en_US\" \/>\n<meta property=\"og:type\" content=\"article\" \/>\n<meta property=\"og:title\" content=\"Inicio - Maria Isabel Martinez Speaker\" \/>\n<meta property=\"og:description\" content=\"Lic. Mar\u00eda Isabel Mart\u00ednez Fisioterapeuta, Biocosmet\u00f3loga, Speaker Internacional Cont\u00e1ctame Formaci\u00f3n Acad\u00e9mica Est\u00e9tica y Biocosmetologa Escuela de Biocosmetologia Alejandro P\u00e9rez Parra Bogot\u00e1, julio del 2010 Enfermera :Enfermer\u00eda Cl\u00ednica San Rafael Bogot\u00e1 diciembre 1992. Formaci\u00f3n Universitaria: Fisioterapeuta Instituci\u00f3n Universitaria Fundaci\u00f3n Escuela Colombiana de Rehabilitaci\u00f3n Bogot\u00e1 Julio 2002. Diplomado en Pedagog\u00edaCorporaci\u00f3n Universitaria Minuto de Dios. Curso de SHIATSU: [&hellip;]\" \/>\n<meta property=\"og:url\" content=\"https:\/\/hathorisisdistributor.com\/mariaisabelmartinezspeaker\/\" \/>\n<meta property=\"og:site_name\" content=\"Maria Isabel Martinez Speaker\" \/>\n<meta property=\"article:modified_time\" content=\"2026-03-16T14:03:04+00:00\" \/>\n<meta property=\"og:image\" content=\"https:\/\/hathorisisdistributor.com\/mariaisabelmartinezspeaker\/wp-content\/uploads\/2025\/11\/Maria-Isabel-sfondo-682x1024.png\" \/>\n<meta name=\"twitter:card\" content=\"summary_large_image\" \/>\n<meta name=\"twitter:label1\" content=\"Est. reading time\" \/>\n\t<meta name=\"twitter:data1\" content=\"1 minute\" \/>\n<script type=\"application\/ld+json\" class=\"yoast-schema-graph\">{\"@context\":\"https:\\\/\\\/schema.org\",\"@graph\":[{\"@type\":\"WebPage\",\"@id\":\"https:\\\/\\\/hathorisisdistributor.com\\\/mariaisabelmartinezspeaker\\\/\",\"url\":\"https:\\\/\\\/hathorisisdistributor.com\\\/mariaisabelmartinezspeaker\\\/\",\"name\":\"Inicio - Maria Isabel Martinez Speaker\",\"isPartOf\":{\"@id\":\"https:\\\/\\\/hathorisisdistributor.com\\\/mariaisabelmartinezspeaker\\\/#website\"},\"primaryImageOfPage\":{\"@id\":\"https:\\\/\\\/hathorisisdistributor.com\\\/mariaisabelmartinezspeaker\\\/#primaryimage\"},\"image\":{\"@id\":\"https:\\\/\\\/hathorisisdistributor.com\\\/mariaisabelmartinezspeaker\\\/#primaryimage\"},\"thumbnailUrl\":\"https:\\\/\\\/hathorisisdistributor.com\\\/mariaisabelmartinezspeaker\\\/wp-content\\\/uploads\\\/2025\\\/11\\\/Maria-Isabel-sfondo-682x1024.png\",\"datePublished\":\"2025-11-11T21:24:21+00:00\",\"dateModified\":\"2026-03-16T14:03:04+00:00\",\"breadcrumb\":{\"@id\":\"https:\\\/\\\/hathorisisdistributor.com\\\/mariaisabelmartinezspeaker\\\/#breadcrumb\"},\"inLanguage\":\"en-US\",\"potentialAction\":[{\"@type\":\"ReadAction\",\"target\":[\"https:\\\/\\\/hathorisisdistributor.com\\\/mariaisabelmartinezspeaker\\\/\"]}]},{\"@type\":\"ImageObject\",\"inLanguage\":\"en-US\",\"@id\":\"https:\\\/\\\/hathorisisdistributor.com\\\/mariaisabelmartinezspeaker\\\/#primaryimage\",\"url\":\"https:\\\/\\\/i0.wp.com\\\/hathorisisdistributor.com\\\/mariaisabelmartinezspeaker\\\/wp-content\\\/uploads\\\/2025\\\/11\\\/Maria-Isabel-sfondo.png?fit=719%2C1080&ssl=1\",\"contentUrl\":\"https:\\\/\\\/i0.wp.com\\\/hathorisisdistributor.com\\\/mariaisabelmartinezspeaker\\\/wp-content\\\/uploads\\\/2025\\\/11\\\/Maria-Isabel-sfondo.png?fit=719%2C1080&ssl=1\",\"width\":719,\"height\":1080},{\"@type\":\"BreadcrumbList\",\"@id\":\"https:\\\/\\\/hathorisisdistributor.com\\\/mariaisabelmartinezspeaker\\\/#breadcrumb\",\"itemListElement\":[{\"@type\":\"ListItem\",\"position\":1,\"name\":\"Home\",\"item\":\"https:\\\/\\\/hathorisisdistributor.com\\\/mariaisabelmartinezspeaker\\\/\"},{\"@type\":\"ListItem\",\"position\":2,\"name\":\"Inicio\"}]},{\"@type\":\"WebSite\",\"@id\":\"https:\\\/\\\/hathorisisdistributor.com\\\/mariaisabelmartinezspeaker\\\/#website\",\"url\":\"https:\\\/\\\/hathorisisdistributor.com\\\/mariaisabelmartinezspeaker\\\/\",\"name\":\"Maria Isabel Martinez Speaker\",\"description\":\"\",\"potentialAction\":[{\"@type\":\"SearchAction\",\"target\":{\"@type\":\"EntryPoint\",\"urlTemplate\":\"https:\\\/\\\/hathorisisdistributor.com\\\/mariaisabelmartinezspeaker\\\/?s={search_term_string}\"},\"query-input\":{\"@type\":\"PropertyValueSpecification\",\"valueRequired\":true,\"valueName\":\"search_term_string\"}}],\"inLanguage\":\"en-US\"}]}<\/script>\n<!-- \/ Yoast SEO plugin. -->","yoast_head_json":{"title":"Inicio - Maria Isabel Martinez Speaker","robots":{"index":"index","follow":"follow","max-snippet":"max-snippet:-1","max-image-preview":"max-image-preview:large","max-video-preview":"max-video-preview:-1"},"canonical":"https:\/\/hathorisisdistributor.com\/mariaisabelmartinezspeaker\/","og_locale":"en_US","og_type":"article","og_title":"Inicio - Maria Isabel Martinez Speaker","og_description":"Lic. Mar\u00eda Isabel Mart\u00ednez Fisioterapeuta, Biocosmet\u00f3loga, Speaker Internacional Cont\u00e1ctame Formaci\u00f3n Acad\u00e9mica Est\u00e9tica y Biocosmetologa Escuela de Biocosmetologia Alejandro P\u00e9rez Parra Bogot\u00e1, julio del 2010 Enfermera :Enfermer\u00eda Cl\u00ednica San Rafael Bogot\u00e1 diciembre 1992. Formaci\u00f3n Universitaria: Fisioterapeuta Instituci\u00f3n Universitaria Fundaci\u00f3n Escuela Colombiana de Rehabilitaci\u00f3n Bogot\u00e1 Julio 2002. Diplomado en Pedagog\u00edaCorporaci\u00f3n Universitaria Minuto de Dios. Curso de SHIATSU: [&hellip;]","og_url":"https:\/\/hathorisisdistributor.com\/mariaisabelmartinezspeaker\/","og_site_name":"Maria Isabel Martinez Speaker","article_modified_time":"2026-03-16T14:03:04+00:00","og_image":[{"url":"https:\/\/hathorisisdistributor.com\/mariaisabelmartinezspeaker\/wp-content\/uploads\/2025\/11\/Maria-Isabel-sfondo-682x1024.png","type":"","width":"","height":""}],"twitter_card":"summary_large_image","twitter_misc":{"Est. reading time":"1 minute"},"schema":{"@context":"https:\/\/schema.org","@graph":[{"@type":"WebPage","@id":"https:\/\/hathorisisdistributor.com\/mariaisabelmartinezspeaker\/","url":"https:\/\/hathorisisdistributor.com\/mariaisabelmartinezspeaker\/","name":"Inicio - Maria Isabel Martinez Speaker","isPartOf":{"@id":"https:\/\/hathorisisdistributor.com\/mariaisabelmartinezspeaker\/#website"},"primaryImageOfPage":{"@id":"https:\/\/hathorisisdistributor.com\/mariaisabelmartinezspeaker\/#primaryimage"},"image":{"@id":"https:\/\/hathorisisdistributor.com\/mariaisabelmartinezspeaker\/#primaryimage"},"thumbnailUrl":"https:\/\/hathorisisdistributor.com\/mariaisabelmartinezspeaker\/wp-content\/uploads\/2025\/11\/Maria-Isabel-sfondo-682x1024.png","datePublished":"2025-11-11T21:24:21+00:00","dateModified":"2026-03-16T14:03:04+00:00","breadcrumb":{"@id":"https:\/\/hathorisisdistributor.com\/mariaisabelmartinezspeaker\/#breadcrumb"},"inLanguage":"en-US","potentialAction":[{"@type":"ReadAction","target":["https:\/\/hathorisisdistributor.com\/mariaisabelmartinezspeaker\/"]}]},{"@type":"ImageObject","inLanguage":"en-US","@id":"https:\/\/hathorisisdistributor.com\/mariaisabelmartinezspeaker\/#primaryimage","url":"https:\/\/i0.wp.com\/hathorisisdistributor.com\/mariaisabelmartinezspeaker\/wp-content\/uploads\/2025\/11\/Maria-Isabel-sfondo.png?fit=719%2C1080&ssl=1","contentUrl":"https:\/\/i0.wp.com\/hathorisisdistributor.com\/mariaisabelmartinezspeaker\/wp-content\/uploads\/2025\/11\/Maria-Isabel-sfondo.png?fit=719%2C1080&ssl=1","width":719,"height":1080},{"@type":"BreadcrumbList","@id":"https:\/\/hathorisisdistributor.com\/mariaisabelmartinezspeaker\/#breadcrumb","itemListElement":[{"@type":"ListItem","position":1,"name":"Home","item":"https:\/\/hathorisisdistributor.com\/mariaisabelmartinezspeaker\/"},{"@type":"ListItem","position":2,"name":"Inicio"}]},{"@type":"WebSite","@id":"https:\/\/hathorisisdistributor.com\/mariaisabelmartinezspeaker\/#website","url":"https:\/\/hathorisisdistributor.com\/mariaisabelmartinezspeaker\/","name":"Maria Isabel Martinez Speaker","description":"","potentialAction":[{"@type":"SearchAction","target":{"@type":"EntryPoint","urlTemplate":"https:\/\/hathorisisdistributor.com\/mariaisabelmartinezspeaker\/?s={search_term_string}"},"query-input":{"@type":"PropertyValueSpecification","valueRequired":true,"valueName":"search_term_string"}}],"inLanguage":"en-US"}]}},"jetpack_sharing_enabled":true,"_links":{"self":[{"href":"https:\/\/hathorisisdistributor.com\/mariaisabelmartinezspeaker\/wp-json\/wp\/v2\/pages\/10","targetHints":{"allow":["GET"]}}],"collection":[{"href":"https:\/\/hathorisisdistributor.com\/mariaisabelmartinezspeaker\/wp-json\/wp\/v2\/pages"}],"about":[{"href":"https:\/\/hathorisisdistributor.com\/mariaisabelmartinezspeaker\/wp-json\/wp\/v2\/types\/page"}],"author":[{"embeddable":true,"href":"https:\/\/hathorisisdistributor.com\/mariaisabelmartinezspeaker\/wp-json\/wp\/v2\/users\/2"}],"replies":[{"embeddable":true,"href":"https:\/\/hathorisisdistributor.com\/mariaisabelmartinezspeaker\/wp-json\/wp\/v2\/comments?post=10"}],"version-history":[{"count":20,"href":"https:\/\/hathorisisdistributor.com\/mariaisabelmartinezspeaker\/wp-json\/wp\/v2\/pages\/10\/revisions"}],"predecessor-version":[{"id":238,"href":"https:\/\/hathorisisdistributor.com\/mariaisabelmartinezspeaker\/wp-json\/wp\/v2\/pages\/10\/revisions\/238"}],"wp:attachment":[{"href":"https:\/\/hathorisisdistributor.com\/mariaisabelmartinezspeaker\/wp-json\/wp\/v2\/media?parent=10"}],"curies":[{"name":"wp","href":"https:\/\/api.w.org\/{rel}","templated":true}]}}